{"id":106,"date":"2020-09-17T18:41:05","date_gmt":"2020-09-17T18:41:05","guid":{"rendered":"http:\/\/stimmungszeit.com\/?page_id=106"},"modified":"2024-05-24T15:12:42","modified_gmt":"2024-05-24T15:12:42","slug":"exklusiv-management","status":"publish","type":"page","link":"https:\/\/stimmungszeit.com\/?page_id=106","title":{"rendered":"Exklusiv-Management"},"content":{"rendered":"\n<p class=\"has-text-align-center\"><br>Stimmungszeit K.D. Musik &amp; Media GmbH vertritt exklusiv in allen Belangen folgende K\u00fcnstler:<\/p>\n\n\n\n<div style=\"height:60px\" aria-hidden=\"true\" class=\"wp-block-spacer\"><\/div>\n\n\n\n<div class=\"wp-block-group is-layout-flow wp-block-group-is-layout-flow\"><div class=\"wp-block-group__inner-container\">\n<div class=\"wp-block-columns is-layout-flex wp-container-core-columns-layout-1 wp-block-columns-is-layout-flex\">\n<div class=\"wp-block-column is-layout-flow wp-block-column-is-layout-flow\">\n<p class=\"has-text-align-center\" style=\"font-size:24px\"><strong>be happy<\/strong> &#8211; Die Party-Showband <\/p>\n\n\n\n<figure class=\"wp-block-image size-large\"><img loading=\"lazy\" decoding=\"async\" width=\"600\" height=\"600\" src=\"http:\/\/stimmungszeit.com\/wp-content\/uploads\/2020\/11\/manage_behappy.jpg\" alt=\"\" class=\"wp-image-263\" srcset=\"https:\/\/stimmungszeit.com\/wp-content\/uploads\/2020\/11\/manage_behappy.jpg 600w, https:\/\/stimmungszeit.com\/wp-content\/uploads\/2020\/11\/manage_behappy-300x300.jpg 300w, https:\/\/stimmungszeit.com\/wp-content\/uploads\/2020\/11\/manage_behappy-150x150.jpg 150w, https:\/\/stimmungszeit.com\/wp-content\/uploads\/2020\/11\/manage_behappy-75x75.jpg 75w, https:\/\/stimmungszeit.com\/wp-content\/uploads\/2020\/11\/manage_behappy-50x50.jpg 50w\" sizes=\"(max-width: 600px) 100vw, 600px\" \/><figcaption class=\"wp-element-caption\"><a rel=\"noreferrer noopener\" target=\"_blank\" href=\"http:\/\/www.be-happy-band.de\"><strong>www.be-happy-band.de<\/strong><\/a><\/figcaption><\/figure>\n\n\n\n<p>Die Erfolgsformation mit Ihrer &#8222;Hit auf Hit- Show&#8220; ist bundesweit unterwegs.<\/p>\n\n\n\n<p class=\"has-text-align-center\" style=\"font-size:24px\"><strong>Manuel Flickinger<\/strong> &#8211; Reality &amp; Music<\/p>\n\n\n<div class=\"wp-block-image is-style-default\">\n<figure class=\"aligncenter size-full is-resized\"><img loading=\"lazy\" decoding=\"async\" width=\"2018\" height=\"2560\" src=\"http:\/\/stimmungszeit.com\/wp-content\/uploads\/2024\/05\/Cover2-scaled.jpg\" alt=\"\" class=\"wp-image-371\" style=\"width:425px;height:auto\" srcset=\"https:\/\/stimmungszeit.com\/wp-content\/uploads\/2024\/05\/Cover2-scaled.jpg 2018w, https:\/\/stimmungszeit.com\/wp-content\/uploads\/2024\/05\/Cover2-236x300.jpg 236w, https:\/\/stimmungszeit.com\/wp-content\/uploads\/2024\/05\/Cover2-807x1024.jpg 807w, https:\/\/stimmungszeit.com\/wp-content\/uploads\/2024\/05\/Cover2-768x974.jpg 768w, https:\/\/stimmungszeit.com\/wp-content\/uploads\/2024\/05\/Cover2-1211x1536.jpg 1211w, https:\/\/stimmungszeit.com\/wp-content\/uploads\/2024\/05\/Cover2-1614x2048.jpg 1614w, https:\/\/stimmungszeit.com\/wp-content\/uploads\/2024\/05\/Cover2-1140x1446.jpg 1140w\" sizes=\"(max-width: 2018px) 100vw, 2018px\" \/><\/figure><\/div>\n\n\n<p class=\"has-text-align-center has-small-font-size\"><\/p>\n\n\n\n<p class=\"has-text-align-center\">Buchbar f\u00fcr Showauftritte, Talks und Autogrammstunden.<\/p>\n<\/div>\n\n\n\n<div class=\"wp-block-column is-layout-flow wp-block-column-is-layout-flow\">\n<p class=\"has-text-align-center\" style=\"font-size:24px\"><strong>Kay D\u00f6rfel<\/strong><\/p>\n\n\n\n<figure class=\"wp-block-image size-large is-style-default\"><img loading=\"lazy\" decoding=\"async\" width=\"600\" height=\"600\" src=\"http:\/\/stimmungszeit.com\/wp-content\/uploads\/2020\/11\/manage_doerfel.jpg\" alt=\"\" class=\"wp-image-264\" srcset=\"https:\/\/stimmungszeit.com\/wp-content\/uploads\/2020\/11\/manage_doerfel.jpg 600w, https:\/\/stimmungszeit.com\/wp-content\/uploads\/2020\/11\/manage_doerfel-300x300.jpg 300w, https:\/\/stimmungszeit.com\/wp-content\/uploads\/2020\/11\/manage_doerfel-150x150.jpg 150w, https:\/\/stimmungszeit.com\/wp-content\/uploads\/2020\/11\/manage_doerfel-75x75.jpg 75w, https:\/\/stimmungszeit.com\/wp-content\/uploads\/2020\/11\/manage_doerfel-50x50.jpg 50w\" sizes=\"(max-width: 600px) 100vw, 600px\" \/><figcaption class=\"wp-element-caption\"><a rel=\"noreferrer noopener\" target=\"_blank\" href=\"http:\/\/www.kaydoerfel.de\"><strong>www.kaydoerfel.de<\/strong><\/a><\/figcaption><\/figure>\n\n\n\n<p>Der vielseitige Entertainer hat seit Jahren einen festen Platz im Showgesch\u00e4ft .<\/p>\n\n\n\n<p class=\"has-text-align-center\" style=\"font-size:24px\"><strong>Zweiklang<\/strong> &#8211; Das besondere Duett<\/p>\n\n\n\n<figure class=\"wp-block-image size-large\"><img loading=\"lazy\" decoding=\"async\" width=\"600\" height=\"600\" src=\"http:\/\/stimmungszeit.com\/wp-content\/uploads\/2021\/10\/zweiklang.jpg\" alt=\"Zweiklang Kay D\u00f6rfel\" class=\"wp-image-279\" srcset=\"https:\/\/stimmungszeit.com\/wp-content\/uploads\/2021\/10\/zweiklang.jpg 600w, https:\/\/stimmungszeit.com\/wp-content\/uploads\/2021\/10\/zweiklang-300x300.jpg 300w, https:\/\/stimmungszeit.com\/wp-content\/uploads\/2021\/10\/zweiklang-150x150.jpg 150w, https:\/\/stimmungszeit.com\/wp-content\/uploads\/2021\/10\/zweiklang-75x75.jpg 75w, https:\/\/stimmungszeit.com\/wp-content\/uploads\/2021\/10\/zweiklang-50x50.jpg 50w\" sizes=\"(max-width: 600px) 100vw, 600px\" \/><figcaption class=\"wp-element-caption\"><strong><a href=\"https:\/\/www.facebook.com\/Zweiklang-105597918240104\" target=\"_blank\" rel=\"noreferrer noopener\">Besucht uns auf Facebook &#8230;<\/a><\/strong><\/figcaption><\/figure>\n\n\n\n<p>Das einzigartige Pop-Projekt mit Lebensmelodien in deutscher Sprache.<\/p>\n<\/div>\n<\/div>\n<\/div><\/div>\n\n\n\n<p><\/p>\n","protected":false},"excerpt":{"rendered":"<p>Stimmungszeit K.D. Musik &amp; Media GmbH vertritt exklusiv in allen Belangen folgende K\u00fcnstler: be happy &#8211; Die Party-Showband Die Erfolgsformation mit Ihrer &#8222;Hit auf Hit- Show&#8220; ist bundesweit unterwegs. Manuel Flickinger &#8211; Reality &amp; Music Buchbar f\u00fcr Showauftritte, Talks und Autogrammstunden. Kay D\u00f6rfel Der vielseitige Entertainer hat seit Jahren einen festen Platz im Showgesch\u00e4ft . Zweiklang &#8211; Das besondere Duett Das einzigartige Pop-Projekt mit Lebensmelodien in deutscher Sprache.<\/p>\n","protected":false},"author":1,"featured_media":0,"parent":0,"menu_order":0,"comment_status":"closed","ping_status":"closed","template":"","meta":{"footnotes":""},"yoast_head":"<!-- This site is optimized with the Yoast SEO plugin v22.1 - https:\/\/yoast.com\/wordpress\/plugins\/seo\/ -->\n<title>Exklusiv-Management -<\/title>\n<meta name=\"robots\" content=\"index, follow, max-snippet:-1, max-image-preview:large, max-video-preview:-1\" \/>\n<link rel=\"canonical\" href=\"https:\/\/stimmungszeit.com\/?page_id=106\" \/>\n<meta property=\"og:locale\" content=\"de_DE\" \/>\n<meta property=\"og:type\" content=\"article\" \/>\n<meta property=\"og:title\" content=\"Exklusiv-Management -\" \/>\n<meta property=\"og:description\" content=\"Stimmungszeit K.D. Musik &amp; Media GmbH vertritt exklusiv in allen Belangen folgende K\u00fcnstler: be happy &#8211; Die Party-Showband Die Erfolgsformation mit Ihrer &#8222;Hit auf Hit- Show&#8220; ist bundesweit unterwegs. Manuel Flickinger &#8211; Reality &amp; Music Buchbar f\u00fcr Showauftritte, Talks und Autogrammstunden. Kay D\u00f6rfel Der vielseitige Entertainer hat seit Jahren einen festen Platz im Showgesch\u00e4ft . Zweiklang &#8211; Das besondere Duett Das einzigartige Pop-Projekt mit Lebensmelodien in deutscher Sprache.\" \/>\n<meta property=\"og:url\" content=\"https:\/\/stimmungszeit.com\/?page_id=106\" \/>\n<meta property=\"article:modified_time\" content=\"2024-05-24T15:12:42+00:00\" \/>\n<meta property=\"og:image\" content=\"http:\/\/stimmungszeit.com\/wp-content\/uploads\/2020\/11\/manage_behappy.jpg\" \/>\n<meta name=\"twitter:card\" content=\"summary_large_image\" \/>\n<meta name=\"twitter:label1\" content=\"Gesch\u00e4tzte Lesezeit\" \/>\n\t<meta name=\"twitter:data1\" content=\"2\u00a0Minuten\" \/>\n<script type=\"application\/ld+json\" class=\"yoast-schema-graph\">{\"@context\":\"https:\/\/schema.org\",\"@graph\":[{\"@type\":\"WebPage\",\"@id\":\"https:\/\/stimmungszeit.com\/?page_id=106\",\"url\":\"https:\/\/stimmungszeit.com\/?page_id=106\",\"name\":\"Exklusiv-Management -\",\"isPartOf\":{\"@id\":\"http:\/\/stimmungszeit.com\/#website\"},\"datePublished\":\"2020-09-17T18:41:05+00:00\",\"dateModified\":\"2024-05-24T15:12:42+00:00\",\"breadcrumb\":{\"@id\":\"https:\/\/stimmungszeit.com\/?page_id=106#breadcrumb\"},\"inLanguage\":\"de\",\"potentialAction\":[{\"@type\":\"ReadAction\",\"target\":[\"https:\/\/stimmungszeit.com\/?page_id=106\"]}]},{\"@type\":\"BreadcrumbList\",\"@id\":\"https:\/\/stimmungszeit.com\/?page_id=106#breadcrumb\",\"itemListElement\":[{\"@type\":\"ListItem\",\"position\":1,\"name\":\"Startseite\",\"item\":\"http:\/\/stimmungszeit.com\/\"},{\"@type\":\"ListItem\",\"position\":2,\"name\":\"Exklusiv-Management\"}]},{\"@type\":\"WebSite\",\"@id\":\"http:\/\/stimmungszeit.com\/#website\",\"url\":\"http:\/\/stimmungszeit.com\/\",\"name\":\"\",\"description\":\"\",\"potentialAction\":[{\"@type\":\"SearchAction\",\"target\":{\"@type\":\"EntryPoint\",\"urlTemplate\":\"http:\/\/stimmungszeit.com\/?s={search_term_string}\"},\"query-input\":\"required name=search_term_string\"}],\"inLanguage\":\"de\"}]}<\/script>\n<!-- \/ Yoast SEO plugin. -->","yoast_head_json":{"title":"Exklusiv-Management -","robots":{"index":"index","follow":"follow","max-snippet":"max-snippet:-1","max-image-preview":"max-image-preview:large","max-video-preview":"max-video-preview:-1"},"canonical":"https:\/\/stimmungszeit.com\/?page_id=106","og_locale":"de_DE","og_type":"article","og_title":"Exklusiv-Management -","og_description":"Stimmungszeit K.D. Musik &amp; Media GmbH vertritt exklusiv in allen Belangen folgende K\u00fcnstler: be happy &#8211; Die Party-Showband Die Erfolgsformation mit Ihrer &#8222;Hit auf Hit- Show&#8220; ist bundesweit unterwegs. Manuel Flickinger &#8211; Reality &amp; Music Buchbar f\u00fcr Showauftritte, Talks und Autogrammstunden. Kay D\u00f6rfel Der vielseitige Entertainer hat seit Jahren einen festen Platz im Showgesch\u00e4ft . Zweiklang &#8211; Das besondere Duett Das einzigartige Pop-Projekt mit Lebensmelodien in deutscher Sprache.","og_url":"https:\/\/stimmungszeit.com\/?page_id=106","article_modified_time":"2024-05-24T15:12:42+00:00","og_image":[{"url":"http:\/\/stimmungszeit.com\/wp-content\/uploads\/2020\/11\/manage_behappy.jpg"}],"twitter_card":"summary_large_image","twitter_misc":{"Gesch\u00e4tzte Lesezeit":"2\u00a0Minuten"},"schema":{"@context":"https:\/\/schema.org","@graph":[{"@type":"WebPage","@id":"https:\/\/stimmungszeit.com\/?page_id=106","url":"https:\/\/stimmungszeit.com\/?page_id=106","name":"Exklusiv-Management -","isPartOf":{"@id":"http:\/\/stimmungszeit.com\/#website"},"datePublished":"2020-09-17T18:41:05+00:00","dateModified":"2024-05-24T15:12:42+00:00","breadcrumb":{"@id":"https:\/\/stimmungszeit.com\/?page_id=106#breadcrumb"},"inLanguage":"de","potentialAction":[{"@type":"ReadAction","target":["https:\/\/stimmungszeit.com\/?page_id=106"]}]},{"@type":"BreadcrumbList","@id":"https:\/\/stimmungszeit.com\/?page_id=106#breadcrumb","itemListElement":[{"@type":"ListItem","position":1,"name":"Startseite","item":"http:\/\/stimmungszeit.com\/"},{"@type":"ListItem","position":2,"name":"Exklusiv-Management"}]},{"@type":"WebSite","@id":"http:\/\/stimmungszeit.com\/#website","url":"http:\/\/stimmungszeit.com\/","name":"","description":"","potentialAction":[{"@type":"SearchAction","target":{"@type":"EntryPoint","urlTemplate":"http:\/\/stimmungszeit.com\/?s={search_term_string}"},"query-input":"required name=search_term_string"}],"inLanguage":"de"}]}},"_links":{"self":[{"href":"https:\/\/stimmungszeit.com\/index.php?rest_route=\/wp\/v2\/pages\/106"}],"collection":[{"href":"https:\/\/stimmungszeit.com\/index.php?rest_route=\/wp\/v2\/pages"}],"about":[{"href":"https:\/\/stimmungszeit.com\/index.php?rest_route=\/wp\/v2\/types\/page"}],"author":[{"embeddable":true,"href":"https:\/\/stimmungszeit.com\/index.php?rest_route=\/wp\/v2\/users\/1"}],"replies":[{"embeddable":true,"href":"https:\/\/stimmungszeit.com\/index.php?rest_route=%2Fwp%2Fv2%2Fcomments&post=106"}],"version-history":[{"count":69,"href":"https:\/\/stimmungszeit.com\/index.php?rest_route=\/wp\/v2\/pages\/106\/revisions"}],"predecessor-version":[{"id":373,"href":"https:\/\/stimmungszeit.com\/index.php?rest_route=\/wp\/v2\/pages\/106\/revisions\/373"}],"wp:attachment":[{"href":"https:\/\/stimmungszeit.com\/index.php?rest_route=%2Fwp%2Fv2%2Fmedia&parent=106"}],"curies":[{"name":"wp","href":"https:\/\/api.w.org\/{rel}","templated":true}]}}