{"id":92,"date":"2020-09-16T19:26:54","date_gmt":"2020-09-16T19:26:54","guid":{"rendered":"http:\/\/stimmungszeit.com\/?page_id=92"},"modified":"2020-09-16T19:26:54","modified_gmt":"2020-09-16T19:26:54","slug":"events","status":"publish","type":"page","link":"http:\/\/stimmungszeit.com\/?page_id=92","title":{"rendered":"Events"},"content":{"rendered":"\n<p><br>Wir sind Ihr Partner f\u00fcr Veranstaltungen aller Art sowie jeglichen Aktionen zu Marketingzwecken.<\/p>\n\n\n\n<p>Dabei reicht unser Portfolio vom Kindergeburtstag bis zum Stadtfest oder vom Dorftanz bis zum SemperOpernball.<\/p>\n\n\n\n<p>Da wir selbst fast 2 Jahrzehnte Stadtfeste in kompletter Eigenregie veranstaltet haben, scheuen wir uns vor keinen gro\u00dfen Aufgaben, sehen uns aber auch nie zu gro\u00df, kleine Anfragen genauso gern zu erledigen.<\/p>\n\n\n\n<p>In der Planung und Durchf\u00fchrung von Veranstaltungen, \u00fcbernehmen wir Teilbereiche, wie u.a. das B\u00fchnenprogramm oder realisieren die Komplettproduktion in Ihrem Auftrag, inkl. aller beh\u00f6rdlicher und technischer Eventualit\u00e4ten.<\/p>\n","protected":false},"excerpt":{"rendered":"<p>Wir sind Ihr Partner f\u00fcr Veranstaltungen aller Art sowie jeglichen Aktionen zu Marketingzwecken. Dabei reicht unser Portfolio vom Kindergeburtstag bis zum Stadtfest oder vom Dorftanz bis zum SemperOpernball. Da wir selbst fast 2 Jahrzehnte Stadtfeste in kompletter Eigenregie veranstaltet haben, scheuen wir uns vor keinen gro\u00dfen Aufgaben, sehen uns aber auch nie zu gro\u00df, kleine Anfragen genauso gern zu erledigen. In der Planung und Durchf\u00fchrung von Veranstaltungen, \u00fcbernehmen wir Teilbereiche, wie u.a. das B\u00fchnenprogramm oder realisieren die Komplettproduktion in Ihrem Auftrag, inkl. aller beh\u00f6rdlicher und technischer Eventualit\u00e4ten.<\/p>\n","protected":false},"author":1,"featured_media":0,"parent":0,"menu_order":0,"comment_status":"closed","ping_status":"closed","template":"","meta":{"footnotes":""},"yoast_head":"<!-- This site is optimized with the Yoast SEO plugin v22.1 - https:\/\/yoast.com\/wordpress\/plugins\/seo\/ -->\n<title>Events -<\/title>\n<meta name=\"robots\" content=\"index, follow, max-snippet:-1, max-image-preview:large, max-video-preview:-1\" \/>\n<link rel=\"canonical\" href=\"http:\/\/stimmungszeit.com\/?page_id=92\" \/>\n<meta property=\"og:locale\" content=\"de_DE\" \/>\n<meta property=\"og:type\" content=\"article\" \/>\n<meta property=\"og:title\" content=\"Events -\" \/>\n<meta property=\"og:description\" content=\"Wir sind Ihr Partner f\u00fcr Veranstaltungen aller Art sowie jeglichen Aktionen zu Marketingzwecken. Dabei reicht unser Portfolio vom Kindergeburtstag bis zum Stadtfest oder vom Dorftanz bis zum SemperOpernball. Da wir selbst fast 2 Jahrzehnte Stadtfeste in kompletter Eigenregie veranstaltet haben, scheuen wir uns vor keinen gro\u00dfen Aufgaben, sehen uns aber auch nie zu gro\u00df, kleine Anfragen genauso gern zu erledigen. In der Planung und Durchf\u00fchrung von Veranstaltungen, \u00fcbernehmen wir Teilbereiche, wie u.a. das B\u00fchnenprogramm oder realisieren die Komplettproduktion in Ihrem Auftrag, inkl. aller beh\u00f6rdlicher und technischer Eventualit\u00e4ten.\" \/>\n<meta property=\"og:url\" content=\"http:\/\/stimmungszeit.com\/?page_id=92\" \/>\n<meta name=\"twitter:card\" content=\"summary_large_image\" \/>\n<script type=\"application\/ld+json\" class=\"yoast-schema-graph\">{\"@context\":\"https:\/\/schema.org\",\"@graph\":[{\"@type\":\"WebPage\",\"@id\":\"http:\/\/stimmungszeit.com\/?page_id=92\",\"url\":\"http:\/\/stimmungszeit.com\/?page_id=92\",\"name\":\"Events -\",\"isPartOf\":{\"@id\":\"https:\/\/stimmungszeit.com\/#website\"},\"datePublished\":\"2020-09-16T19:26:54+00:00\",\"dateModified\":\"2020-09-16T19:26:54+00:00\",\"breadcrumb\":{\"@id\":\"http:\/\/stimmungszeit.com\/?page_id=92#breadcrumb\"},\"inLanguage\":\"de\",\"potentialAction\":[{\"@type\":\"ReadAction\",\"target\":[\"http:\/\/stimmungszeit.com\/?page_id=92\"]}]},{\"@type\":\"BreadcrumbList\",\"@id\":\"http:\/\/stimmungszeit.com\/?page_id=92#breadcrumb\",\"itemListElement\":[{\"@type\":\"ListItem\",\"position\":1,\"name\":\"Startseite\",\"item\":\"https:\/\/stimmungszeit.com\/\"},{\"@type\":\"ListItem\",\"position\":2,\"name\":\"Events\"}]},{\"@type\":\"WebSite\",\"@id\":\"https:\/\/stimmungszeit.com\/#website\",\"url\":\"https:\/\/stimmungszeit.com\/\",\"name\":\"\",\"description\":\"\",\"potentialAction\":[{\"@type\":\"SearchAction\",\"target\":{\"@type\":\"EntryPoint\",\"urlTemplate\":\"https:\/\/stimmungszeit.com\/?s={search_term_string}\"},\"query-input\":\"required name=search_term_string\"}],\"inLanguage\":\"de\"}]}<\/script>\n<!-- \/ Yoast SEO plugin. -->","yoast_head_json":{"title":"Events -","robots":{"index":"index","follow":"follow","max-snippet":"max-snippet:-1","max-image-preview":"max-image-preview:large","max-video-preview":"max-video-preview:-1"},"canonical":"http:\/\/stimmungszeit.com\/?page_id=92","og_locale":"de_DE","og_type":"article","og_title":"Events -","og_description":"Wir sind Ihr Partner f\u00fcr Veranstaltungen aller Art sowie jeglichen Aktionen zu Marketingzwecken. Dabei reicht unser Portfolio vom Kindergeburtstag bis zum Stadtfest oder vom Dorftanz bis zum SemperOpernball. Da wir selbst fast 2 Jahrzehnte Stadtfeste in kompletter Eigenregie veranstaltet haben, scheuen wir uns vor keinen gro\u00dfen Aufgaben, sehen uns aber auch nie zu gro\u00df, kleine Anfragen genauso gern zu erledigen. In der Planung und Durchf\u00fchrung von Veranstaltungen, \u00fcbernehmen wir Teilbereiche, wie u.a. das B\u00fchnenprogramm oder realisieren die Komplettproduktion in Ihrem Auftrag, inkl. aller beh\u00f6rdlicher und technischer Eventualit\u00e4ten.","og_url":"http:\/\/stimmungszeit.com\/?page_id=92","twitter_card":"summary_large_image","schema":{"@context":"https:\/\/schema.org","@graph":[{"@type":"WebPage","@id":"http:\/\/stimmungszeit.com\/?page_id=92","url":"http:\/\/stimmungszeit.com\/?page_id=92","name":"Events -","isPartOf":{"@id":"https:\/\/stimmungszeit.com\/#website"},"datePublished":"2020-09-16T19:26:54+00:00","dateModified":"2020-09-16T19:26:54+00:00","breadcrumb":{"@id":"http:\/\/stimmungszeit.com\/?page_id=92#breadcrumb"},"inLanguage":"de","potentialAction":[{"@type":"ReadAction","target":["http:\/\/stimmungszeit.com\/?page_id=92"]}]},{"@type":"BreadcrumbList","@id":"http:\/\/stimmungszeit.com\/?page_id=92#breadcrumb","itemListElement":[{"@type":"ListItem","position":1,"name":"Startseite","item":"https:\/\/stimmungszeit.com\/"},{"@type":"ListItem","position":2,"name":"Events"}]},{"@type":"WebSite","@id":"https:\/\/stimmungszeit.com\/#website","url":"https:\/\/stimmungszeit.com\/","name":"","description":"","potentialAction":[{"@type":"SearchAction","target":{"@type":"EntryPoint","urlTemplate":"https:\/\/stimmungszeit.com\/?s={search_term_string}"},"query-input":"required name=search_term_string"}],"inLanguage":"de"}]}},"_links":{"self":[{"href":"http:\/\/stimmungszeit.com\/index.php?rest_route=\/wp\/v2\/pages\/92"}],"collection":[{"href":"http:\/\/stimmungszeit.com\/index.php?rest_route=\/wp\/v2\/pages"}],"about":[{"href":"http:\/\/stimmungszeit.com\/index.php?rest_route=\/wp\/v2\/types\/page"}],"author":[{"embeddable":true,"href":"http:\/\/stimmungszeit.com\/index.php?rest_route=\/wp\/v2\/users\/1"}],"replies":[{"embeddable":true,"href":"http:\/\/stimmungszeit.com\/index.php?rest_route=%2Fwp%2Fv2%2Fcomments&post=92"}],"version-history":[{"count":1,"href":"http:\/\/stimmungszeit.com\/index.php?rest_route=\/wp\/v2\/pages\/92\/revisions"}],"predecessor-version":[{"id":93,"href":"http:\/\/stimmungszeit.com\/index.php?rest_route=\/wp\/v2\/pages\/92\/revisions\/93"}],"wp:attachment":[{"href":"http:\/\/stimmungszeit.com\/index.php?rest_route=%2Fwp%2Fv2%2Fmedia&parent=92"}],"curies":[{"name":"wp","href":"https:\/\/api.w.org\/{rel}","templated":true}]}}