{"id":90,"date":"2020-09-16T19:24:19","date_gmt":"2020-09-16T19:24:19","guid":{"rendered":"http:\/\/stimmungszeit.com\/?page_id=90"},"modified":"2020-09-16T19:27:35","modified_gmt":"2020-09-16T19:27:35","slug":"promotion","status":"publish","type":"page","link":"http:\/\/stimmungszeit.com\/?page_id=90","title":{"rendered":"Promotion"},"content":{"rendered":"\n<p><br>Wir unterst\u00fctzen Sie bei s\u00e4mtlichen verkaufsf\u00f6rdernden Ma\u00dfnahmen rund um Ihre Firma, Ihre Center oder Ihr Produkt.<\/p>\n\n\n\n<p>Gezielte Aktionen und eine professionell geplante \u00d6ffentlichkeitsarbeit sichern Ihren Erfolg mit einer einzigartigen Werbekampagne.<\/p>\n\n\n\n<p>Dabei konzipieren wir in Ihrem Sinne eine vern\u00fcnftige und kosteneffiziente Symbiosen aus klassischen und zeitgem\u00e4\u00dfen Methoden.<\/p>\n\n\n\n<p>Fr\u00fcher reichte oft eine Anzeige in der Tageszeitung aus, heute bekommen Sie von Ihrer Zielgruppe nur die n\u00f6tige Beachtung, wenn Sie diese richtig ansprechen.<\/p>\n\n\n\n<p>Dazu bedarf es mehr als eine Person, die stumpf Flyer verteilt. Im Vorfeld selektieren wir genau und entwickeln ma\u00dfgeschneiderte Ideen f\u00fcr das Klientel, was Sie auch genau ansprechen wollen.<\/p>\n\n\n\n<p>Im Zentrum unserer Arbeit steht dabei immer der Mensch!<br>Interaktionen machen den Unterschied zu vielen Wettbewerbern aus.<\/p>\n\n\n\n<p>Wir setzen seit Jahren auf eine Kombination aus Reklame, Highlights und Interaktion mit den Kunden vor Ort.<\/p>\n","protected":false},"excerpt":{"rendered":"<p>Wir unterst\u00fctzen Sie bei s\u00e4mtlichen verkaufsf\u00f6rdernden Ma\u00dfnahmen rund um Ihre Firma, Ihre Center oder Ihr Produkt. Gezielte Aktionen und eine professionell geplante \u00d6ffentlichkeitsarbeit sichern Ihren Erfolg mit einer einzigartigen Werbekampagne. Dabei konzipieren wir in Ihrem Sinne eine vern\u00fcnftige und kosteneffiziente Symbiosen aus klassischen und zeitgem\u00e4\u00dfen Methoden. Fr\u00fcher reichte oft eine Anzeige in der Tageszeitung aus, heute bekommen Sie von Ihrer Zielgruppe nur die n\u00f6tige Beachtung, wenn Sie diese richtig ansprechen. Dazu bedarf es mehr als eine Person, die stumpf Flyer verteilt. Im Vorfeld selektieren wir genau und entwickeln ma\u00dfgeschneiderte Ideen f\u00fcr das Klientel, was Sie auch genau ansprechen wollen. Im Zentrum unserer Arbeit steht dabei immer der Mensch!Interaktionen machen den Unterschied zu vielen Wettbewerbern aus. Wir setzen seit Jahren auf eine Kombination aus Reklame, Highlights und Interaktion mit den Kunden vor Ort.<\/p>\n","protected":false},"author":1,"featured_media":0,"parent":0,"menu_order":0,"comment_status":"closed","ping_status":"closed","template":"","meta":{"footnotes":""},"yoast_head":"<!-- This site is optimized with the Yoast SEO plugin v22.1 - https:\/\/yoast.com\/wordpress\/plugins\/seo\/ -->\n<title>Promotion -<\/title>\n<meta name=\"robots\" content=\"index, follow, max-snippet:-1, max-image-preview:large, max-video-preview:-1\" \/>\n<link rel=\"canonical\" href=\"http:\/\/stimmungszeit.com\/?page_id=90\" \/>\n<meta property=\"og:locale\" content=\"de_DE\" \/>\n<meta property=\"og:type\" content=\"article\" \/>\n<meta property=\"og:title\" content=\"Promotion -\" \/>\n<meta property=\"og:description\" content=\"Wir unterst\u00fctzen Sie bei s\u00e4mtlichen verkaufsf\u00f6rdernden Ma\u00dfnahmen rund um Ihre Firma, Ihre Center oder Ihr Produkt. Gezielte Aktionen und eine professionell geplante \u00d6ffentlichkeitsarbeit sichern Ihren Erfolg mit einer einzigartigen Werbekampagne. Dabei konzipieren wir in Ihrem Sinne eine vern\u00fcnftige und kosteneffiziente Symbiosen aus klassischen und zeitgem\u00e4\u00dfen Methoden. Fr\u00fcher reichte oft eine Anzeige in der Tageszeitung aus, heute bekommen Sie von Ihrer Zielgruppe nur die n\u00f6tige Beachtung, wenn Sie diese richtig ansprechen. Dazu bedarf es mehr als eine Person, die stumpf Flyer verteilt. Im Vorfeld selektieren wir genau und entwickeln ma\u00dfgeschneiderte Ideen f\u00fcr das Klientel, was Sie auch genau ansprechen wollen. Im Zentrum unserer Arbeit steht dabei immer der Mensch!Interaktionen machen den Unterschied zu vielen Wettbewerbern aus. Wir setzen seit Jahren auf eine Kombination aus Reklame, Highlights und Interaktion mit den Kunden vor Ort.\" \/>\n<meta property=\"og:url\" content=\"http:\/\/stimmungszeit.com\/?page_id=90\" \/>\n<meta property=\"article:modified_time\" content=\"2020-09-16T19:27:35+00:00\" \/>\n<meta name=\"twitter:card\" content=\"summary_large_image\" \/>\n<meta name=\"twitter:label1\" content=\"Gesch\u00e4tzte Lesezeit\" \/>\n\t<meta name=\"twitter:data1\" content=\"1\u00a0Minute\" \/>\n<script type=\"application\/ld+json\" class=\"yoast-schema-graph\">{\"@context\":\"https:\/\/schema.org\",\"@graph\":[{\"@type\":\"WebPage\",\"@id\":\"http:\/\/stimmungszeit.com\/?page_id=90\",\"url\":\"http:\/\/stimmungszeit.com\/?page_id=90\",\"name\":\"Promotion -\",\"isPartOf\":{\"@id\":\"https:\/\/stimmungszeit.com\/#website\"},\"datePublished\":\"2020-09-16T19:24:19+00:00\",\"dateModified\":\"2020-09-16T19:27:35+00:00\",\"breadcrumb\":{\"@id\":\"http:\/\/stimmungszeit.com\/?page_id=90#breadcrumb\"},\"inLanguage\":\"de\",\"potentialAction\":[{\"@type\":\"ReadAction\",\"target\":[\"http:\/\/stimmungszeit.com\/?page_id=90\"]}]},{\"@type\":\"BreadcrumbList\",\"@id\":\"http:\/\/stimmungszeit.com\/?page_id=90#breadcrumb\",\"itemListElement\":[{\"@type\":\"ListItem\",\"position\":1,\"name\":\"Startseite\",\"item\":\"https:\/\/stimmungszeit.com\/\"},{\"@type\":\"ListItem\",\"position\":2,\"name\":\"Promotion\"}]},{\"@type\":\"WebSite\",\"@id\":\"https:\/\/stimmungszeit.com\/#website\",\"url\":\"https:\/\/stimmungszeit.com\/\",\"name\":\"\",\"description\":\"\",\"potentialAction\":[{\"@type\":\"SearchAction\",\"target\":{\"@type\":\"EntryPoint\",\"urlTemplate\":\"https:\/\/stimmungszeit.com\/?s={search_term_string}\"},\"query-input\":\"required name=search_term_string\"}],\"inLanguage\":\"de\"}]}<\/script>\n<!-- \/ Yoast SEO plugin. -->","yoast_head_json":{"title":"Promotion -","robots":{"index":"index","follow":"follow","max-snippet":"max-snippet:-1","max-image-preview":"max-image-preview:large","max-video-preview":"max-video-preview:-1"},"canonical":"http:\/\/stimmungszeit.com\/?page_id=90","og_locale":"de_DE","og_type":"article","og_title":"Promotion -","og_description":"Wir unterst\u00fctzen Sie bei s\u00e4mtlichen verkaufsf\u00f6rdernden Ma\u00dfnahmen rund um Ihre Firma, Ihre Center oder Ihr Produkt. Gezielte Aktionen und eine professionell geplante \u00d6ffentlichkeitsarbeit sichern Ihren Erfolg mit einer einzigartigen Werbekampagne. Dabei konzipieren wir in Ihrem Sinne eine vern\u00fcnftige und kosteneffiziente Symbiosen aus klassischen und zeitgem\u00e4\u00dfen Methoden. Fr\u00fcher reichte oft eine Anzeige in der Tageszeitung aus, heute bekommen Sie von Ihrer Zielgruppe nur die n\u00f6tige Beachtung, wenn Sie diese richtig ansprechen. Dazu bedarf es mehr als eine Person, die stumpf Flyer verteilt. Im Vorfeld selektieren wir genau und entwickeln ma\u00dfgeschneiderte Ideen f\u00fcr das Klientel, was Sie auch genau ansprechen wollen. Im Zentrum unserer Arbeit steht dabei immer der Mensch!Interaktionen machen den Unterschied zu vielen Wettbewerbern aus. Wir setzen seit Jahren auf eine Kombination aus Reklame, Highlights und Interaktion mit den Kunden vor Ort.","og_url":"http:\/\/stimmungszeit.com\/?page_id=90","article_modified_time":"2020-09-16T19:27:35+00:00","twitter_card":"summary_large_image","twitter_misc":{"Gesch\u00e4tzte Lesezeit":"1\u00a0Minute"},"schema":{"@context":"https:\/\/schema.org","@graph":[{"@type":"WebPage","@id":"http:\/\/stimmungszeit.com\/?page_id=90","url":"http:\/\/stimmungszeit.com\/?page_id=90","name":"Promotion -","isPartOf":{"@id":"https:\/\/stimmungszeit.com\/#website"},"datePublished":"2020-09-16T19:24:19+00:00","dateModified":"2020-09-16T19:27:35+00:00","breadcrumb":{"@id":"http:\/\/stimmungszeit.com\/?page_id=90#breadcrumb"},"inLanguage":"de","potentialAction":[{"@type":"ReadAction","target":["http:\/\/stimmungszeit.com\/?page_id=90"]}]},{"@type":"BreadcrumbList","@id":"http:\/\/stimmungszeit.com\/?page_id=90#breadcrumb","itemListElement":[{"@type":"ListItem","position":1,"name":"Startseite","item":"https:\/\/stimmungszeit.com\/"},{"@type":"ListItem","position":2,"name":"Promotion"}]},{"@type":"WebSite","@id":"https:\/\/stimmungszeit.com\/#website","url":"https:\/\/stimmungszeit.com\/","name":"","description":"","potentialAction":[{"@type":"SearchAction","target":{"@type":"EntryPoint","urlTemplate":"https:\/\/stimmungszeit.com\/?s={search_term_string}"},"query-input":"required name=search_term_string"}],"inLanguage":"de"}]}},"_links":{"self":[{"href":"http:\/\/stimmungszeit.com\/index.php?rest_route=\/wp\/v2\/pages\/90"}],"collection":[{"href":"http:\/\/stimmungszeit.com\/index.php?rest_route=\/wp\/v2\/pages"}],"about":[{"href":"http:\/\/stimmungszeit.com\/index.php?rest_route=\/wp\/v2\/types\/page"}],"author":[{"embeddable":true,"href":"http:\/\/stimmungszeit.com\/index.php?rest_route=\/wp\/v2\/users\/1"}],"replies":[{"embeddable":true,"href":"http:\/\/stimmungszeit.com\/index.php?rest_route=%2Fwp%2Fv2%2Fcomments&post=90"}],"version-history":[{"count":2,"href":"http:\/\/stimmungszeit.com\/index.php?rest_route=\/wp\/v2\/pages\/90\/revisions"}],"predecessor-version":[{"id":94,"href":"http:\/\/stimmungszeit.com\/index.php?rest_route=\/wp\/v2\/pages\/90\/revisions\/94"}],"wp:attachment":[{"href":"http:\/\/stimmungszeit.com\/index.php?rest_route=%2Fwp%2Fv2%2Fmedia&parent=90"}],"curies":[{"name":"wp","href":"https:\/\/api.w.org\/{rel}","templated":true}]}}